{"id":10,"date":"2023-07-13T10:22:40","date_gmt":"2023-07-13T08:22:40","guid":{"rendered":"https:\/\/rychlycasnik.diskonto.sk\/?page_id=10"},"modified":"2023-07-13T14:37:12","modified_gmt":"2023-07-13T12:37:12","slug":"uvod","status":"publish","type":"page","link":"https:\/\/rychlycasnik.diskonto.sk\/","title":{"rendered":"Registr\u00e1cia"},"content":{"rendered":"<section class=\"wpb-content-wrapper\"><p>[vc_row full_width=&#8220;stretch_row&#8220; conditional_render=&#8220;%5B%7B%22value_role%22%3A%22administrator%22%7D%5D&#8220;][vc_column][vc_row_inner][vc_column_inner width=&#8220;1\/6&#8243;][\/vc_column_inner][vc_column_inner width=&#8220;1\/2&#8243;][vc_single_image image=&#8220;22&#8243; img_size=&#8220;full&#8220; label=&#8220;&#8220;][vc_custom_heading text=&#8220;Registr\u00e1cia do s\u00fa\u0165a\u017ee&#8220; use_theme_fonts=&#8220;yes&#8220;]<div class=\"wpb_custom_8e39365fa00ded789edeaf348f33ca36\"><div class=\"wpforms-container wpforms-container-full wpforms-render-modern\" id=\"wpforms-7\"><form id=\"wpforms-form-7\" class=\"wpforms-validate wpforms-form wpforms-ajax-form\" data-formid=\"7\" method=\"post\" enctype=\"multipart\/form-data\" action=\"\/index.php?rest_route=%2Fwp%2Fv2%2Fpages%2F10\" data-token=\"bf82a49b0974472cd11621cfd73b9418\"><noscript class=\"wpforms-error-noscript\">Please enable JavaScript in your browser to complete this form.<\/noscript><div class=\"wpforms-hidden\" id=\"wpforms-error-noscript\">Please enable JavaScript in your browser to complete this form.<\/div><div class=\"wpforms-field-container\"><div id=\"wpforms-7-field_1-container\" class=\"wpforms-field wpforms-field-text\" data-field-id=\"1\"><label class=\"wpforms-field-label\" for=\"wpforms-7-field_1\">Meno a priezvisko <span class=\"wpforms-required-label\" aria-hidden=\"true\">*<\/span><\/label><input type=\"text\" id=\"wpforms-7-field_1\" class=\"wpforms-field-medium wpforms-field-required\" name=\"wpforms[fields][1]\" aria-errormessage=\"wpforms-7-field_1-error\" required><\/div><div id=\"wpforms-7-field_2-container\" class=\"wpforms-field wpforms-field-text\" data-field-id=\"2\"><label class=\"wpforms-field-label\" for=\"wpforms-7-field_2\">Kde moment\u00e1lne pracuje\u0161? <span class=\"wpforms-required-label\" aria-hidden=\"true\">*<\/span><\/label><input type=\"text\" id=\"wpforms-7-field_2\" class=\"wpforms-field-medium wpforms-field-required\" name=\"wpforms[fields][2]\" aria-errormessage=\"wpforms-7-field_2-error\" required><\/div><div id=\"wpforms-7-field_3-container\" class=\"wpforms-field wpforms-field-phone\" data-field-id=\"3\"><label class=\"wpforms-field-label\" for=\"wpforms-7-field_3\">Telef\u00f3n <span class=\"wpforms-required-label\" aria-hidden=\"true\">*<\/span><\/label><input type=\"tel\" id=\"wpforms-7-field_3\" class=\"wpforms-field-medium wpforms-field-required wpforms-smart-phone-field\" data-rule-smart-phone-field=\"true\" name=\"wpforms[fields][3]\" aria-errormessage=\"wpforms-7-field_3-error\" required><\/div><div id=\"wpforms-7-field_4-container\" class=\"wpforms-field wpforms-field-email\" data-field-id=\"4\"><label class=\"wpforms-field-label\" for=\"wpforms-7-field_4\">Email <span class=\"wpforms-required-label\" aria-hidden=\"true\">*<\/span><\/label><input type=\"email\" id=\"wpforms-7-field_4\" class=\"wpforms-field-medium wpforms-field-required\" name=\"wpforms[fields][4]\" spellcheck=\"false\" aria-errormessage=\"wpforms-7-field_4-error\" required><\/div><div id=\"wpforms-7-field_6-container\" class=\"wpforms-field wpforms-field-checkbox\" data-field-id=\"6\"><fieldset><legend class=\"wpforms-field-label wpforms-label-hide\" aria-hidden=\"false\">GDPR1 <span class=\"wpforms-required-label\" aria-hidden=\"true\">*<\/span><\/legend><ul id=\"wpforms-7-field_6\" class=\"wpforms-field-required\"><li class=\"choice-1 depth-1\"><input type=\"checkbox\" id=\"wpforms-7-field_6_1\" name=\"wpforms[fields][6][]\" value=\"Odoslan\u00edm kontaktn\u00fdch \u00fadajov vyjadrujem s\u00fahlas so spracovan\u00edm t\u00fdchto \u00fadajov v s\u00falade so z\u00e1konom \u010d. 122\/2013 Z.z. o ochrane osobn\u00fdch \u00fadajov v znen\u00ed neskor\u0161\u00edch predpisov. Obozn\u00e1mil som sa s pravidlami s\u00fa\u0165a\u017ee.\" aria-errormessage=\"wpforms-7-field_6_1-error\" required ><label class=\"wpforms-field-label-inline\" for=\"wpforms-7-field_6_1\">Odoslan\u00edm kontaktn\u00fdch \u00fadajov vyjadrujem s\u00fahlas so spracovan\u00edm t\u00fdchto \u00fadajov v s\u00falade so z\u00e1konom \u010d. 122\/2013 Z.z. o ochrane osobn\u00fdch \u00fadajov v znen\u00ed neskor\u0161\u00edch predpisov. Obozn\u00e1mil som sa s pravidlami s\u00fa\u0165a\u017ee.<\/label><\/li><\/ul><\/fieldset><\/div><div id=\"wpforms-7-field_7-container\" class=\"wpforms-field wpforms-field-checkbox\" data-field-id=\"7\"><fieldset><legend class=\"wpforms-field-label wpforms-label-hide\" aria-hidden=\"false\">GDPR2<\/legend><ul id=\"wpforms-7-field_7\"><li class=\"choice-1 depth-1\"><input type=\"checkbox\" id=\"wpforms-7-field_7_1\" name=\"wpforms[fields][7][]\" value=\"S\u00fahlas\u00edm so zasielan\u00edm r\u00f4znych pon\u00fak a marketingov\u00fdch inform\u00e1ci\u00ed\" aria-errormessage=\"wpforms-7-field_7_1-error\"  ><label class=\"wpforms-field-label-inline\" for=\"wpforms-7-field_7_1\">S\u00fahlas\u00edm so zasielan\u00edm r\u00f4znych pon\u00fak a marketingov\u00fdch inform\u00e1ci\u00ed<\/label><\/li><\/ul><\/fieldset><\/div><\/div><!-- .wpforms-field-container --><div class=\"wpforms-submit-container\" ><input type=\"hidden\" name=\"wpforms[id]\" value=\"7\"><input type=\"hidden\" name=\"wpforms[author]\" value=\"2\"><button type=\"submit\" name=\"wpforms[submit]\" id=\"wpforms-submit-7\" class=\"wpforms-submit\" data-alt-text=\"Odosielanie...\" data-submit-text=\"Registrova\u0165\" aria-live=\"assertive\" value=\"wpforms-submit\">Registrova\u0165<\/button><img loading=\"lazy\" decoding=\"async\" src=\"https:\/\/rychlycasnik.diskonto.sk\/wp-content\/plugins\/wpforms\/assets\/images\/submit-spin.svg\" class=\"wpforms-submit-spinner\" style=\"display: none;\" width=\"26\" height=\"26\" alt=\"Loading\"><\/div><\/form><\/div>  <!-- .wpforms-container --><\/div>[\/vc_column_inner][vc_column_inner width=&#8220;1\/6&#8243;][\/vc_column_inner][vc_column_inner width=&#8220;1\/6&#8243;][\/vc_column_inner][\/vc_row_inner][\/vc_column][\/vc_row]<\/p>\n<\/section>","protected":false},"excerpt":{"rendered":"<p>[vc_row full_width=&#8220;stretch_row&#8220; conditional_render=&#8220;%5B%7B%22value_role%22%3A%22administrator%22%7D%5D&#8220;][vc_column][vc_row_inner][vc_column_inner width=&#8220;1\/6&#8243;][\/vc_column_inner][vc_column_inner width=&#8220;1\/2&#8243;][vc_single_image image=&#8220;22&#8243; img_size=&#8220;full&#8220; label=&#8220;&#8220;][vc_custom_heading text=&#8220;Registr\u00e1cia do s\u00fa\u0165a\u017ee&#8220; use_theme_fonts=&#8220;yes&#8220;][\/vc_column_inner][vc_column_inner width=&#8220;1\/6&#8243;][\/vc_column_inner][vc_column_inner width=&#8220;1\/6&#8243;][\/vc_column_inner][\/vc_row_inner][\/vc_column][\/vc_row]<\/p>\n","protected":false},"author":2,"featured_media":0,"parent":0,"menu_order":0,"comment_status":"closed","ping_status":"closed","template":"","meta":{"inline_featured_image":false,"footnotes":""},"class_list":["post-10","page","type-page","status-publish","hentry"],"_links":{"self":[{"href":"https:\/\/rychlycasnik.diskonto.sk\/index.php?rest_route=\/wp\/v2\/pages\/10","targetHints":{"allow":["GET"]}}],"collection":[{"href":"https:\/\/rychlycasnik.diskonto.sk\/index.php?rest_route=\/wp\/v2\/pages"}],"about":[{"href":"https:\/\/rychlycasnik.diskonto.sk\/index.php?rest_route=\/wp\/v2\/types\/page"}],"author":[{"embeddable":true,"href":"https:\/\/rychlycasnik.diskonto.sk\/index.php?rest_route=\/wp\/v2\/users\/2"}],"replies":[{"embeddable":true,"href":"https:\/\/rychlycasnik.diskonto.sk\/index.php?rest_route=%2Fwp%2Fv2%2Fcomments&post=10"}],"version-history":[{"count":10,"href":"https:\/\/rychlycasnik.diskonto.sk\/index.php?rest_route=\/wp\/v2\/pages\/10\/revisions"}],"predecessor-version":[{"id":30,"href":"https:\/\/rychlycasnik.diskonto.sk\/index.php?rest_route=\/wp\/v2\/pages\/10\/revisions\/30"}],"wp:attachment":[{"href":"https:\/\/rychlycasnik.diskonto.sk\/index.php?rest_route=%2Fwp%2Fv2%2Fmedia&parent=10"}],"curies":[{"name":"wp","href":"https:\/\/api.w.org\/{rel}","templated":true}]}}